{"id":1160,"date":"2023-12-13T18:19:00","date_gmt":"2023-12-13T18:19:00","guid":{"rendered":"https:\/\/uniclean.be\/?page_id=1160"},"modified":"2023-12-13T18:24:02","modified_gmt":"2023-12-13T18:24:02","slug":"sectoren","status":"publish","type":"page","link":"https:\/\/uniclean.be\/index.php\/nl\/sectoren\/","title":{"rendered":"Sectoren"},"content":{"rendered":"<section class=\"wpb-content-wrapper\"><p>[vc_row content_style=\u00a0\u00bbcontent_dark\u00a0\u00bb][vc_column content_style=\u00a0\u00bbcontent_dark\u00a0\u00bb][vc_hoverbox image=\u00a0\u00bb1094&Prime; primary_title=\u00a0\u00bbHotels &#038; catering\u00a0\u00bb primary_title_font_container=\u00a0\u00bbcolor:%23ffffff\u00a0\u00bb primary_title_use_theme_fonts=\u00a0\u00bbyes\u00a0\u00bb hover_title=\u00a0\u00bbHotels &#038; catering\u00a0\u00bb hover_background_color=\u00a0\u00bbcustom\u00a0\u00bb hover_btn_title=\u00a0\u00bbDevis gratuit\u00a0\u00bb hover_btn_color=\u00a0\u00bbsuccess\u00a0\u00bb use_custom_fonts_primary_title=\u00a0\u00bbtrue\u00a0\u00bb hover_add_button=\u00a0\u00bbtrue\u00a0\u00bb hover_custom_background=\u00a0\u00bb#067176&Prime; primary_title_el_class=\u00a0\u00bbtitre_box_hover_white\u00a0\u00bb el_class=\u00a0\u00bbtitre_box_hover_white\u00a0\u00bb hover_btn_link=\u00a0\u00bburl:https%3A%2F%2Funiclean.be%2Findex.php%2Fcontact%2F|title:Contact|target:_blank\u00a0\u00bb]<em>Een onberispelijke schoonmaakservice om een gastvrije en gedenkwaardige ervaring te cre\u00ebren in de wereld van hotels en restaurants.<\/em>[\/vc_hoverbox][vc_hoverbox image=\u00a0\u00bb1096&Prime; primary_title=\u00a0\u00bbWinkels\u00a0\u00bb primary_title_font_container=\u00a0\u00bbcolor:%23ffffff\u00a0\u00bb primary_title_use_theme_fonts=\u00a0\u00bbyes\u00a0\u00bb hover_title=\u00a0\u00bbCommerces\u00a0\u00bb hover_background_color=\u00a0\u00bbcustom\u00a0\u00bb hover_btn_title=\u00a0\u00bbDevis gratuit\u00a0\u00bb hover_btn_color=\u00a0\u00bbsuccess\u00a0\u00bb use_custom_fonts_primary_title=\u00a0\u00bbtrue\u00a0\u00bb hover_add_button=\u00a0\u00bbtrue\u00a0\u00bb hover_custom_background=\u00a0\u00bb#067176&Prime; primary_title_el_class=\u00a0\u00bbtitre_box_hover_white\u00a0\u00bb el_class=\u00a0\u00bbtitre_box_hover_white\u00a0\u00bb hover_btn_link=\u00a0\u00bburl:https%3A%2F%2Funiclean.be%2Findex.php%2Fcontact%2F|title:Contact|target:_blank\u00a0\u00bb]<em>We houden uw commerci\u00eble ruimte schoon en bieden uw klanten een aangename en hygi\u00ebnische omgeving.<\/em>[\/vc_hoverbox][vc_hoverbox image=\u00a0\u00bb1097&Prime; primary_title=\u00a0\u00bbKantoren &#038; bedrijven\u00a0\u00bb primary_title_font_container=\u00a0\u00bbcolor:%23ffffff\u00a0\u00bb primary_title_use_theme_fonts=\u00a0\u00bbyes\u00a0\u00bb hover_title=\u00a0\u00bbKantoren &#038; bedrijven\u00a0\u00bb hover_background_color=\u00a0\u00bbcustom\u00a0\u00bb hover_btn_title=\u00a0\u00bbDevis gratuit\u00a0\u00bb hover_btn_color=\u00a0\u00bbsuccess\u00a0\u00bb use_custom_fonts_primary_title=\u00a0\u00bbtrue\u00a0\u00bb hover_add_button=\u00a0\u00bbtrue\u00a0\u00bb hover_custom_background=\u00a0\u00bb#067176&Prime; primary_title_el_class=\u00a0\u00bbtitre_box_hover_white\u00a0\u00bb el_class=\u00a0\u00bbtitre_box_hover_white\u00a0\u00bb hover_btn_link=\u00a0\u00bburl:https%3A%2F%2Funiclean.be%2Findex.php%2Fcontact%2F|title:Contact|target:_blank\u00a0\u00bb]<em>Des bureaux \u00e9tincelants pour augmenter la productivit\u00e9 et cr\u00e9er un lieu de travail o\u00f9 bien-\u00eatre et efficacit\u00e9 se conjuguent.<\/em>[\/vc_hoverbox][vc_hoverbox image=\u00a0\u00bb1098&Prime; primary_title=\u00a0\u00bbGemeenschappelijke ruimtes van gebouwen\u00a0\u00bb primary_title_font_container=\u00a0\u00bbcolor:%23ffffff\u00a0\u00bb primary_title_use_theme_fonts=\u00a0\u00bbyes\u00a0\u00bb hover_title=\u00a0\u00bbGemeenschappelijke ruimtes van gebouwen\u00a0\u00bb hover_background_color=\u00a0\u00bbcustom\u00a0\u00bb hover_btn_title=\u00a0\u00bbDevis gratuit\u00a0\u00bb hover_btn_color=\u00a0\u00bbsuccess\u00a0\u00bb use_custom_fonts_primary_title=\u00a0\u00bbtrue\u00a0\u00bb hover_add_button=\u00a0\u00bbtrue\u00a0\u00bb hover_custom_background=\u00a0\u00bb#067176&Prime; primary_title_el_class=\u00a0\u00bbtitre_box_hover_white\u00a0\u00bb el_class=\u00a0\u00bbtitre_box_hover_white\u00a0\u00bb hover_btn_link=\u00a0\u00bburl:https%3A%2F%2Funiclean.be%2Findex.php%2Fcontact%2F|title:Contact|target:_blank\u00a0\u00bb]<em>Onze toewijding aan netheid zorgt voor gemeenschappelijke ruimtes in het gebouw die gezelligheid en comfort voor alle bewoners bevorderen.<\/em>[\/vc_hoverbox][vc_hoverbox image=\u00a0\u00bb1099&Prime; primary_title=\u00a0\u00bbGezondheidszorg\u00a0\u00bb primary_title_font_container=\u00a0\u00bbcolor:%23ffffff\u00a0\u00bb primary_title_use_theme_fonts=\u00a0\u00bbyes\u00a0\u00bb hover_title=\u00a0\u00bbGezondheidszorg\u00a0\u00bb hover_background_color=\u00a0\u00bbcustom\u00a0\u00bb hover_btn_title=\u00a0\u00bbDevis gratuit\u00a0\u00bb hover_btn_color=\u00a0\u00bbsuccess\u00a0\u00bb use_custom_fonts_primary_title=\u00a0\u00bbtrue\u00a0\u00bb hover_add_button=\u00a0\u00bbtrue\u00a0\u00bb hover_custom_background=\u00a0\u00bb#067176&Prime; primary_title_el_class=\u00a0\u00bbtitre_box_hover_white\u00a0\u00bb el_class=\u00a0\u00bbtitre_box_hover_white\u00a0\u00bb hover_btn_link=\u00a0\u00bburl:https%3A%2F%2Funiclean.be%2Findex.php%2Fcontact%2F|title:Contact|target:_blank\u00a0\u00bb]<em>Zorgvuldige reiniging om hoge sanitaire normen in de gezondheidszorg te handhaven en de veiligheid van uw pati\u00ebnten en personeel te garanderen.<\/em>[\/vc_hoverbox][\/vc_column][\/vc_row][vc_row equal_height=\u00a0\u00bbyes\u00a0\u00bb content_placement=\u00a0\u00bbmiddle\u00a0\u00bb content_style=\u00a0\u00bbcontent_dark\u00a0\u00bb css=\u00a0\u00bb.vc_custom_1556739060059{margin-right: 0px !important;margin-left: 0px !important;padding-top: 50px !important;padding-bottom: 50px !important;}\u00a0\u00bb][vc_column content_style=\u00a0\u00bbcontent_dark\u00a0\u00bb width=\u00a0\u00bb1\/12&Prime; el_class=\u00a0\u00bbspace-small\u00a0\u00bb][\/vc_column][\/vc_row]<\/p>\n<\/section>","protected":false},"excerpt":{"rendered":"<p>[vc_row content_style=\u00a0\u00bbcontent_dark\u00a0\u00bb][vc_column content_style=\u00a0\u00bbcontent_dark\u00a0\u00bb][vc_hoverbox image=\u00a0\u00bb1094&Prime; primary_title=\u00a0\u00bbHotels &#038; catering\u00a0\u00bb primary_title_font_container=\u00a0\u00bbcolor:%23ffffff\u00a0\u00bb primary_title_use_theme_fonts=\u00a0\u00bbyes\u00a0\u00bb hover_title=\u00a0\u00bbHotels &#038; catering\u00a0\u00bb hover_background_color=\u00a0\u00bbcustom\u00a0\u00bb hover_btn_title=\u00a0\u00bbDevis gratuit\u00a0\u00bb hover_btn_color=\u00a0\u00bbsuccess\u00a0\u00bb use_custom_fonts_primary_title=\u00a0\u00bbtrue\u00a0\u00bb hover_add_button=\u00a0\u00bbtrue\u00a0\u00bb hover_custom_background=\u00a0\u00bb#067176&Prime; primary_title_el_class=\u00a0\u00bbtitre_box_hover_white\u00a0\u00bb el_class=\u00a0\u00bbtitre_box_hover_white\u00a0\u00bb hover_btn_link=\u00a0\u00bburl:https%3A%2F%2Funiclean.be%2Findex.php%2Fcontact%2F|title:Contact|target:_blank\u00a0\u00bb]Een onberispelijke schoonmaakservice om een gastvrije en gedenkwaardige ervaring te cre\u00ebren in de wereld van hotels en restaurants.[\/vc_hoverbox][vc_hoverbox image=\u00a0\u00bb1096&Prime; primary_title=\u00a0\u00bbWinkels\u00a0\u00bb primary_title_font_container=\u00a0\u00bbcolor:%23ffffff\u00a0\u00bb primary_title_use_theme_fonts=\u00a0\u00bbyes\u00a0\u00bb hover_title=\u00a0\u00bbCommerces\u00a0\u00bb hover_background_color=\u00a0\u00bbcustom\u00a0\u00bb hover_btn_title=\u00a0\u00bbDevis gratuit\u00a0\u00bb hover_btn_color=\u00a0\u00bbsuccess\u00a0\u00bb use_custom_fonts_primary_title=\u00a0\u00bbtrue\u00a0\u00bb hover_add_button=\u00a0\u00bbtrue\u00a0\u00bb hover_custom_background=\u00a0\u00bb#067176&Prime; primary_title_el_class=\u00a0\u00bbtitre_box_hover_white\u00a0\u00bb el_class=\u00a0\u00bbtitre_box_hover_white\u00a0\u00bb hover_btn_link=\u00a0\u00bburl:https%3A%2F%2Funiclean.be%2Findex.php%2Fcontact%2F|title:Contact|target:_blank\u00a0\u00bb]We houden [&hellip;]<\/p>\n","protected":false},"author":1,"featured_media":1064,"parent":0,"menu_order":0,"comment_status":"closed","ping_status":"closed","template":"sidebar-left.php","meta":{"footnotes":""},"class_list":["post-1160","page","type-page","status-publish","has-post-thumbnail","hentry"],"acf":[],"yoast_head":"<!-- This site is optimized with the Yoast SEO plugin v21.7 - https:\/\/yoast.com\/wordpress\/plugins\/seo\/ -->\n<title>Sectoren - Uniclean<\/title>\n<meta name=\"robots\" content=\"index, follow, max-snippet:-1, max-image-preview:large, max-video-preview:-1\" \/>\n<link rel=\"canonical\" href=\"https:\/\/uniclean.be\/index.php\/nl\/sectoren\/\" \/>\n<meta property=\"og:locale\" content=\"fr_FR\" \/>\n<meta property=\"og:type\" content=\"article\" \/>\n<meta property=\"og:title\" content=\"Sectoren - Uniclean\" \/>\n<meta property=\"og:description\" content=\"[vc_row content_style=\u00a0\u00bbcontent_dark\u00a0\u00bb][vc_column content_style=\u00a0\u00bbcontent_dark\u00a0\u00bb][vc_hoverbox image=\u00a0\u00bb1094&Prime; primary_title=\u00a0\u00bbHotels &#038; catering\u00a0\u00bb primary_title_font_container=\u00a0\u00bbcolor:%23ffffff\u00a0\u00bb primary_title_use_theme_fonts=\u00a0\u00bbyes\u00a0\u00bb hover_title=\u00a0\u00bbHotels &#038; catering\u00a0\u00bb hover_background_color=\u00a0\u00bbcustom\u00a0\u00bb hover_btn_title=\u00a0\u00bbDevis gratuit\u00a0\u00bb hover_btn_color=\u00a0\u00bbsuccess\u00a0\u00bb use_custom_fonts_primary_title=\u00a0\u00bbtrue\u00a0\u00bb hover_add_button=\u00a0\u00bbtrue\u00a0\u00bb hover_custom_background=\u00a0\u00bb#067176&Prime; primary_title_el_class=\u00a0\u00bbtitre_box_hover_white\u00a0\u00bb el_class=\u00a0\u00bbtitre_box_hover_white\u00a0\u00bb hover_btn_link=\u00a0\u00bburl:https%3A%2F%2Funiclean.be%2Findex.php%2Fcontact%2F|title:Contact|target:_blank\u00a0\u00bb]Een onberispelijke schoonmaakservice om een gastvrije en gedenkwaardige ervaring te cre\u00ebren in de wereld van hotels en restaurants.[\/vc_hoverbox][vc_hoverbox image=\u00a0\u00bb1096&Prime; primary_title=\u00a0\u00bbWinkels\u00a0\u00bb primary_title_font_container=\u00a0\u00bbcolor:%23ffffff\u00a0\u00bb primary_title_use_theme_fonts=\u00a0\u00bbyes\u00a0\u00bb hover_title=\u00a0\u00bbCommerces\u00a0\u00bb hover_background_color=\u00a0\u00bbcustom\u00a0\u00bb hover_btn_title=\u00a0\u00bbDevis gratuit\u00a0\u00bb hover_btn_color=\u00a0\u00bbsuccess\u00a0\u00bb use_custom_fonts_primary_title=\u00a0\u00bbtrue\u00a0\u00bb hover_add_button=\u00a0\u00bbtrue\u00a0\u00bb hover_custom_background=\u00a0\u00bb#067176&Prime; primary_title_el_class=\u00a0\u00bbtitre_box_hover_white\u00a0\u00bb el_class=\u00a0\u00bbtitre_box_hover_white\u00a0\u00bb hover_btn_link=\u00a0\u00bburl:https%3A%2F%2Funiclean.be%2Findex.php%2Fcontact%2F|title:Contact|target:_blank\u00a0\u00bb]We houden [&hellip;]\" \/>\n<meta property=\"og:url\" content=\"https:\/\/uniclean.be\/index.php\/nl\/sectoren\/\" \/>\n<meta property=\"og:site_name\" content=\"Uniclean\" \/>\n<meta property=\"article:modified_time\" content=\"2023-12-13T18:24:02+00:00\" \/>\n<meta property=\"og:image\" content=\"https:\/\/uniclean.be\/wp-content\/uploads\/2023\/12\/shutterstock_2075456665.jpg\" \/>\n\t<meta property=\"og:image:width\" content=\"1000\" \/>\n\t<meta property=\"og:image:height\" content=\"563\" \/>\n\t<meta property=\"og:image:type\" content=\"image\/jpeg\" \/>\n<meta name=\"twitter:card\" content=\"summary_large_image\" \/>\n<meta name=\"twitter:label1\" content=\"Dur\u00e9e de lecture estim\u00e9e\" \/>\n\t<meta name=\"twitter:data1\" content=\"3 minutes\" \/>\n<script type=\"application\/ld+json\" class=\"yoast-schema-graph\">{\"@context\":\"https:\/\/schema.org\",\"@graph\":[{\"@type\":\"WebPage\",\"@id\":\"https:\/\/uniclean.be\/index.php\/nl\/sectoren\/\",\"url\":\"https:\/\/uniclean.be\/index.php\/nl\/sectoren\/\",\"name\":\"Sectoren - Uniclean\",\"isPartOf\":{\"@id\":\"https:\/\/uniclean.be\/#website\"},\"datePublished\":\"2023-12-13T18:19:00+00:00\",\"dateModified\":\"2023-12-13T18:24:02+00:00\",\"breadcrumb\":{\"@id\":\"https:\/\/uniclean.be\/index.php\/nl\/sectoren\/#breadcrumb\"},\"inLanguage\":\"fr-FR\",\"potentialAction\":[{\"@type\":\"ReadAction\",\"target\":[\"https:\/\/uniclean.be\/index.php\/nl\/sectoren\/\"]}]},{\"@type\":\"BreadcrumbList\",\"@id\":\"https:\/\/uniclean.be\/index.php\/nl\/sectoren\/#breadcrumb\",\"itemListElement\":[{\"@type\":\"ListItem\",\"position\":1,\"name\":\"Accueil\",\"item\":\"https:\/\/uniclean.be\/\"},{\"@type\":\"ListItem\",\"position\":2,\"name\":\"Sectoren\"}]},{\"@type\":\"WebSite\",\"@id\":\"https:\/\/uniclean.be\/#website\",\"url\":\"https:\/\/uniclean.be\/\",\"name\":\"Uniclean\",\"description\":\"\",\"potentialAction\":[{\"@type\":\"SearchAction\",\"target\":{\"@type\":\"EntryPoint\",\"urlTemplate\":\"https:\/\/uniclean.be\/?s={search_term_string}\"},\"query-input\":\"required name=search_term_string\"}],\"inLanguage\":\"fr-FR\"}]}<\/script>\n<!-- \/ Yoast SEO plugin. -->","yoast_head_json":{"title":"Sectoren - Uniclean","robots":{"index":"index","follow":"follow","max-snippet":"max-snippet:-1","max-image-preview":"max-image-preview:large","max-video-preview":"max-video-preview:-1"},"canonical":"https:\/\/uniclean.be\/index.php\/nl\/sectoren\/","og_locale":"fr_FR","og_type":"article","og_title":"Sectoren - Uniclean","og_description":"[vc_row content_style=\u00a0\u00bbcontent_dark\u00a0\u00bb][vc_column content_style=\u00a0\u00bbcontent_dark\u00a0\u00bb][vc_hoverbox image=\u00a0\u00bb1094&Prime; primary_title=\u00a0\u00bbHotels &#038; catering\u00a0\u00bb primary_title_font_container=\u00a0\u00bbcolor:%23ffffff\u00a0\u00bb primary_title_use_theme_fonts=\u00a0\u00bbyes\u00a0\u00bb hover_title=\u00a0\u00bbHotels &#038; catering\u00a0\u00bb hover_background_color=\u00a0\u00bbcustom\u00a0\u00bb hover_btn_title=\u00a0\u00bbDevis gratuit\u00a0\u00bb hover_btn_color=\u00a0\u00bbsuccess\u00a0\u00bb use_custom_fonts_primary_title=\u00a0\u00bbtrue\u00a0\u00bb hover_add_button=\u00a0\u00bbtrue\u00a0\u00bb hover_custom_background=\u00a0\u00bb#067176&Prime; primary_title_el_class=\u00a0\u00bbtitre_box_hover_white\u00a0\u00bb el_class=\u00a0\u00bbtitre_box_hover_white\u00a0\u00bb hover_btn_link=\u00a0\u00bburl:https%3A%2F%2Funiclean.be%2Findex.php%2Fcontact%2F|title:Contact|target:_blank\u00a0\u00bb]Een onberispelijke schoonmaakservice om een gastvrije en gedenkwaardige ervaring te cre\u00ebren in de wereld van hotels en restaurants.[\/vc_hoverbox][vc_hoverbox image=\u00a0\u00bb1096&Prime; primary_title=\u00a0\u00bbWinkels\u00a0\u00bb primary_title_font_container=\u00a0\u00bbcolor:%23ffffff\u00a0\u00bb primary_title_use_theme_fonts=\u00a0\u00bbyes\u00a0\u00bb hover_title=\u00a0\u00bbCommerces\u00a0\u00bb hover_background_color=\u00a0\u00bbcustom\u00a0\u00bb hover_btn_title=\u00a0\u00bbDevis gratuit\u00a0\u00bb hover_btn_color=\u00a0\u00bbsuccess\u00a0\u00bb use_custom_fonts_primary_title=\u00a0\u00bbtrue\u00a0\u00bb hover_add_button=\u00a0\u00bbtrue\u00a0\u00bb hover_custom_background=\u00a0\u00bb#067176&Prime; primary_title_el_class=\u00a0\u00bbtitre_box_hover_white\u00a0\u00bb el_class=\u00a0\u00bbtitre_box_hover_white\u00a0\u00bb hover_btn_link=\u00a0\u00bburl:https%3A%2F%2Funiclean.be%2Findex.php%2Fcontact%2F|title:Contact|target:_blank\u00a0\u00bb]We houden [&hellip;]","og_url":"https:\/\/uniclean.be\/index.php\/nl\/sectoren\/","og_site_name":"Uniclean","article_modified_time":"2023-12-13T18:24:02+00:00","og_image":[{"width":1000,"height":563,"url":"https:\/\/uniclean.be\/wp-content\/uploads\/2023\/12\/shutterstock_2075456665.jpg","type":"image\/jpeg"}],"twitter_card":"summary_large_image","twitter_misc":{"Dur\u00e9e de lecture estim\u00e9e":"3 minutes"},"schema":{"@context":"https:\/\/schema.org","@graph":[{"@type":"WebPage","@id":"https:\/\/uniclean.be\/index.php\/nl\/sectoren\/","url":"https:\/\/uniclean.be\/index.php\/nl\/sectoren\/","name":"Sectoren - Uniclean","isPartOf":{"@id":"https:\/\/uniclean.be\/#website"},"datePublished":"2023-12-13T18:19:00+00:00","dateModified":"2023-12-13T18:24:02+00:00","breadcrumb":{"@id":"https:\/\/uniclean.be\/index.php\/nl\/sectoren\/#breadcrumb"},"inLanguage":"fr-FR","potentialAction":[{"@type":"ReadAction","target":["https:\/\/uniclean.be\/index.php\/nl\/sectoren\/"]}]},{"@type":"BreadcrumbList","@id":"https:\/\/uniclean.be\/index.php\/nl\/sectoren\/#breadcrumb","itemListElement":[{"@type":"ListItem","position":1,"name":"Accueil","item":"https:\/\/uniclean.be\/"},{"@type":"ListItem","position":2,"name":"Sectoren"}]},{"@type":"WebSite","@id":"https:\/\/uniclean.be\/#website","url":"https:\/\/uniclean.be\/","name":"Uniclean","description":"","potentialAction":[{"@type":"SearchAction","target":{"@type":"EntryPoint","urlTemplate":"https:\/\/uniclean.be\/?s={search_term_string}"},"query-input":"required name=search_term_string"}],"inLanguage":"fr-FR"}]}},"_links":{"self":[{"href":"https:\/\/uniclean.be\/index.php\/wp-json\/wp\/v2\/pages\/1160","targetHints":{"allow":["GET"]}}],"collection":[{"href":"https:\/\/uniclean.be\/index.php\/wp-json\/wp\/v2\/pages"}],"about":[{"href":"https:\/\/uniclean.be\/index.php\/wp-json\/wp\/v2\/types\/page"}],"author":[{"embeddable":true,"href":"https:\/\/uniclean.be\/index.php\/wp-json\/wp\/v2\/users\/1"}],"replies":[{"embeddable":true,"href":"https:\/\/uniclean.be\/index.php\/wp-json\/wp\/v2\/comments?post=1160"}],"version-history":[{"count":2,"href":"https:\/\/uniclean.be\/index.php\/wp-json\/wp\/v2\/pages\/1160\/revisions"}],"predecessor-version":[{"id":1162,"href":"https:\/\/uniclean.be\/index.php\/wp-json\/wp\/v2\/pages\/1160\/revisions\/1162"}],"wp:featuredmedia":[{"embeddable":true,"href":"https:\/\/uniclean.be\/index.php\/wp-json\/wp\/v2\/media\/1064"}],"wp:attachment":[{"href":"https:\/\/uniclean.be\/index.php\/wp-json\/wp\/v2\/media?parent=1160"}],"curies":[{"name":"wp","href":"https:\/\/api.w.org\/{rel}","templated":true}]}}