{"id":500,"date":"2019-05-01T20:14:50","date_gmt":"2019-05-01T20:14:50","guid":{"rendered":"http:\/\/www.slashcreative.co\/dmip\/moppers-2\/?page_id=490"},"modified":"2023-12-06T11:09:34","modified_gmt":"2023-12-06T11:09:34","slug":"nos-secteurs","status":"publish","type":"page","link":"https:\/\/uniclean.be\/index.php\/nos-secteurs\/","title":{"rendered":"Nos secteurs"},"content":{"rendered":"<section class=\"wpb-content-wrapper\"><p>[vc_row content_style=\u00a0\u00bbcontent_dark\u00a0\u00bb][vc_column content_style=\u00a0\u00bbcontent_dark\u00a0\u00bb][vc_hoverbox image=\u00a0\u00bb1094&Prime; primary_title=\u00a0\u00bbH\u00f4tellerie &#038; restauration\u00a0\u00bb primary_title_font_container=\u00a0\u00bbcolor:%23ffffff\u00a0\u00bb primary_title_use_theme_fonts=\u00a0\u00bbyes\u00a0\u00bb hover_title=\u00a0\u00bbH\u00f4tellerie &#038; restauration\u00a0\u00bb hover_background_color=\u00a0\u00bbcustom\u00a0\u00bb hover_btn_title=\u00a0\u00bbDevis gratuit\u00a0\u00bb hover_btn_color=\u00a0\u00bbsuccess\u00a0\u00bb use_custom_fonts_primary_title=\u00a0\u00bbtrue\u00a0\u00bb hover_add_button=\u00a0\u00bbtrue\u00a0\u00bb hover_custom_background=\u00a0\u00bb#067176&Prime; primary_title_el_class=\u00a0\u00bbtitre_box_hover_white\u00a0\u00bb el_class=\u00a0\u00bbtitre_box_hover_white\u00a0\u00bb hover_btn_link=\u00a0\u00bburl:https%3A%2F%2Funiclean.be%2Findex.php%2Fcontact%2F|title:Contact|target:_blank\u00a0\u00bb]<em>Un service de propret\u00e9 impeccable pour cr\u00e9er une exp\u00e9rience accueillante et m\u00e9morable dans le monde de l&rsquo;h\u00f4tellerie et de la restauration.<\/em>[\/vc_hoverbox][vc_hoverbox image=\u00a0\u00bb1096&Prime; primary_title=\u00a0\u00bbCommerces\u00a0\u00bb primary_title_font_container=\u00a0\u00bbcolor:%23ffffff\u00a0\u00bb primary_title_use_theme_fonts=\u00a0\u00bbyes\u00a0\u00bb hover_title=\u00a0\u00bbCommerces\u00a0\u00bb hover_background_color=\u00a0\u00bbcustom\u00a0\u00bb hover_btn_title=\u00a0\u00bbDevis gratuit\u00a0\u00bb hover_btn_color=\u00a0\u00bbsuccess\u00a0\u00bb use_custom_fonts_primary_title=\u00a0\u00bbtrue\u00a0\u00bb hover_add_button=\u00a0\u00bbtrue\u00a0\u00bb hover_custom_background=\u00a0\u00bb#067176&Prime; primary_title_el_class=\u00a0\u00bbtitre_box_hover_white\u00a0\u00bb el_class=\u00a0\u00bbtitre_box_hover_white\u00a0\u00bb hover_btn_link=\u00a0\u00bburl:https%3A%2F%2Funiclean.be%2Findex.php%2Fcontact%2F|title:Contact|target:_blank\u00a0\u00bb]<em>Nous pr\u00e9servons la propret\u00e9 de votre espace commercial, offrant ainsi \u00e0 vos clients un environnement agr\u00e9able et hygi\u00e9nique.<\/em>[\/vc_hoverbox][vc_hoverbox image=\u00a0\u00bb1097&Prime; primary_title=\u00a0\u00bbBureaux &#038; entreprises\u00a0\u00bb primary_title_font_container=\u00a0\u00bbcolor:%23ffffff\u00a0\u00bb primary_title_use_theme_fonts=\u00a0\u00bbyes\u00a0\u00bb hover_title=\u00a0\u00bbBureaux &#038; entreprises\u00a0\u00bb hover_background_color=\u00a0\u00bbcustom\u00a0\u00bb hover_btn_title=\u00a0\u00bbDevis gratuit\u00a0\u00bb hover_btn_color=\u00a0\u00bbsuccess\u00a0\u00bb use_custom_fonts_primary_title=\u00a0\u00bbtrue\u00a0\u00bb hover_add_button=\u00a0\u00bbtrue\u00a0\u00bb hover_custom_background=\u00a0\u00bb#067176&Prime; primary_title_el_class=\u00a0\u00bbtitre_box_hover_white\u00a0\u00bb el_class=\u00a0\u00bbtitre_box_hover_white\u00a0\u00bb hover_btn_link=\u00a0\u00bburl:https%3A%2F%2Funiclean.be%2Findex.php%2Fcontact%2F|title:Contact|target:_blank\u00a0\u00bb]<em>Des bureaux \u00e9tincelants pour stimuler la productivit\u00e9 et cr\u00e9er un lieu de travail o\u00f9 le bien-\u00eatre et l&rsquo;efficacit\u00e9 se rencontrent.<\/em>[\/vc_hoverbox][vc_hoverbox image=\u00a0\u00bb1098&Prime; primary_title=\u00a0\u00bbCommuns d&rsquo;immeubles\u00a0\u00bb primary_title_font_container=\u00a0\u00bbcolor:%23ffffff\u00a0\u00bb primary_title_use_theme_fonts=\u00a0\u00bbyes\u00a0\u00bb hover_title=\u00a0\u00bbCommuns d&rsquo;immeubles\u00a0\u00bb hover_background_color=\u00a0\u00bbcustom\u00a0\u00bb hover_btn_title=\u00a0\u00bbDevis gratuit\u00a0\u00bb hover_btn_color=\u00a0\u00bbsuccess\u00a0\u00bb use_custom_fonts_primary_title=\u00a0\u00bbtrue\u00a0\u00bb hover_add_button=\u00a0\u00bbtrue\u00a0\u00bb hover_custom_background=\u00a0\u00bb#067176&Prime; primary_title_el_class=\u00a0\u00bbtitre_box_hover_white\u00a0\u00bb el_class=\u00a0\u00bbtitre_box_hover_white\u00a0\u00bb hover_btn_link=\u00a0\u00bburl:https%3A%2F%2Funiclean.be%2Findex.php%2Fcontact%2F|title:Contact|target:_blank\u00a0\u00bb]<em>Notre engagement envers la propret\u00e9 cr\u00e9e des espaces communs d&rsquo;immeuble qui favorisent la convivialit\u00e9 et le confort pour tous les r\u00e9sidents.<\/em>[\/vc_hoverbox][vc_hoverbox image=\u00a0\u00bb1099&Prime; primary_title=\u00a0\u00bbSoins &#038; sant\u00e9\u00a0\u00bb primary_title_font_container=\u00a0\u00bbcolor:%23ffffff\u00a0\u00bb primary_title_use_theme_fonts=\u00a0\u00bbyes\u00a0\u00bb hover_title=\u00a0\u00bbSoins &#038; sant\u00e9\u00a0\u00bb hover_background_color=\u00a0\u00bbcustom\u00a0\u00bb hover_btn_title=\u00a0\u00bbDevis gratuit\u00a0\u00bb hover_btn_color=\u00a0\u00bbsuccess\u00a0\u00bb use_custom_fonts_primary_title=\u00a0\u00bbtrue\u00a0\u00bb hover_add_button=\u00a0\u00bbtrue\u00a0\u00bb hover_custom_background=\u00a0\u00bb#067176&Prime; primary_title_el_class=\u00a0\u00bbtitre_box_hover_white\u00a0\u00bb el_class=\u00a0\u00bbtitre_box_hover_white\u00a0\u00bb hover_btn_link=\u00a0\u00bburl:https%3A%2F%2Funiclean.be%2Findex.php%2Fcontact%2F|title:Contact|target:_blank\u00a0\u00bb]<em>Un nettoyage m\u00e9ticuleux pour maintenir des normes sanitaires \u00e9lev\u00e9es dans le secteur des soins de sant\u00e9, assurant ainsi la s\u00e9curit\u00e9 de vos patients et de votre personnel.<\/em>[\/vc_hoverbox][\/vc_column][\/vc_row][vc_row equal_height=\u00a0\u00bbyes\u00a0\u00bb content_placement=\u00a0\u00bbmiddle\u00a0\u00bb content_style=\u00a0\u00bbcontent_dark\u00a0\u00bb css=\u00a0\u00bb.vc_custom_1556739060059{margin-right: 0px !important;margin-left: 0px !important;padding-top: 50px !important;padding-bottom: 50px !important;}\u00a0\u00bb][vc_column content_style=\u00a0\u00bbcontent_dark\u00a0\u00bb width=\u00a0\u00bb1\/12&Prime; el_class=\u00a0\u00bbspace-small\u00a0\u00bb][\/vc_column][\/vc_row]<\/p>\n<\/section>","protected":false},"excerpt":{"rendered":"<p>[vc_row content_style=\u00a0\u00bbcontent_dark\u00a0\u00bb][vc_column content_style=\u00a0\u00bbcontent_dark\u00a0\u00bb][vc_hoverbox image=\u00a0\u00bb1094&Prime; primary_title=\u00a0\u00bbH\u00f4tellerie &#038; restauration\u00a0\u00bb primary_title_font_container=\u00a0\u00bbcolor:%23ffffff\u00a0\u00bb primary_title_use_theme_fonts=\u00a0\u00bbyes\u00a0\u00bb hover_title=\u00a0\u00bbH\u00f4tellerie &#038; restauration\u00a0\u00bb hover_background_color=\u00a0\u00bbcustom\u00a0\u00bb hover_btn_title=\u00a0\u00bbDevis gratuit\u00a0\u00bb hover_btn_color=\u00a0\u00bbsuccess\u00a0\u00bb use_custom_fonts_primary_title=\u00a0\u00bbtrue\u00a0\u00bb hover_add_button=\u00a0\u00bbtrue\u00a0\u00bb hover_custom_background=\u00a0\u00bb#067176&Prime; primary_title_el_class=\u00a0\u00bbtitre_box_hover_white\u00a0\u00bb el_class=\u00a0\u00bbtitre_box_hover_white\u00a0\u00bb hover_btn_link=\u00a0\u00bburl:https%3A%2F%2Funiclean.be%2Findex.php%2Fcontact%2F|title:Contact|target:_blank\u00a0\u00bb]Un service de propret\u00e9 impeccable pour cr\u00e9er une exp\u00e9rience accueillante et m\u00e9morable dans le monde de l&rsquo;h\u00f4tellerie et de la restauration.[\/vc_hoverbox][vc_hoverbox image=\u00a0\u00bb1096&Prime; primary_title=\u00a0\u00bbCommerces\u00a0\u00bb primary_title_font_container=\u00a0\u00bbcolor:%23ffffff\u00a0\u00bb primary_title_use_theme_fonts=\u00a0\u00bbyes\u00a0\u00bb hover_title=\u00a0\u00bbCommerces\u00a0\u00bb hover_background_color=\u00a0\u00bbcustom\u00a0\u00bb hover_btn_title=\u00a0\u00bbDevis gratuit\u00a0\u00bb hover_btn_color=\u00a0\u00bbsuccess\u00a0\u00bb use_custom_fonts_primary_title=\u00a0\u00bbtrue\u00a0\u00bb hover_add_button=\u00a0\u00bbtrue\u00a0\u00bb hover_custom_background=\u00a0\u00bb#067176&Prime; primary_title_el_class=\u00a0\u00bbtitre_box_hover_white\u00a0\u00bb [&hellip;]<\/p>\n","protected":false},"author":1,"featured_media":1064,"parent":0,"menu_order":0,"comment_status":"closed","ping_status":"closed","template":"sidebar-left.php","meta":{"footnotes":""},"class_list":["post-500","page","type-page","status-publish","has-post-thumbnail","hentry"],"acf":[],"yoast_head":"<!-- This site is optimized with the Yoast SEO plugin v21.7 - https:\/\/yoast.com\/wordpress\/plugins\/seo\/ -->\n<title>Nos secteurs - Uniclean<\/title>\n<meta name=\"robots\" content=\"index, follow, max-snippet:-1, max-image-preview:large, max-video-preview:-1\" \/>\n<link rel=\"canonical\" href=\"https:\/\/uniclean.be\/index.php\/nos-secteurs\/\" \/>\n<meta property=\"og:locale\" content=\"fr_FR\" \/>\n<meta property=\"og:type\" content=\"article\" \/>\n<meta property=\"og:title\" content=\"Nos secteurs - Uniclean\" \/>\n<meta property=\"og:description\" content=\"[vc_row content_style=\u00a0\u00bbcontent_dark\u00a0\u00bb][vc_column content_style=\u00a0\u00bbcontent_dark\u00a0\u00bb][vc_hoverbox image=\u00a0\u00bb1094&Prime; primary_title=\u00a0\u00bbH\u00f4tellerie &#038; restauration\u00a0\u00bb primary_title_font_container=\u00a0\u00bbcolor:%23ffffff\u00a0\u00bb primary_title_use_theme_fonts=\u00a0\u00bbyes\u00a0\u00bb hover_title=\u00a0\u00bbH\u00f4tellerie &#038; restauration\u00a0\u00bb hover_background_color=\u00a0\u00bbcustom\u00a0\u00bb hover_btn_title=\u00a0\u00bbDevis gratuit\u00a0\u00bb hover_btn_color=\u00a0\u00bbsuccess\u00a0\u00bb use_custom_fonts_primary_title=\u00a0\u00bbtrue\u00a0\u00bb hover_add_button=\u00a0\u00bbtrue\u00a0\u00bb hover_custom_background=\u00a0\u00bb#067176&Prime; primary_title_el_class=\u00a0\u00bbtitre_box_hover_white\u00a0\u00bb el_class=\u00a0\u00bbtitre_box_hover_white\u00a0\u00bb hover_btn_link=\u00a0\u00bburl:https%3A%2F%2Funiclean.be%2Findex.php%2Fcontact%2F|title:Contact|target:_blank\u00a0\u00bb]Un service de propret\u00e9 impeccable pour cr\u00e9er une exp\u00e9rience accueillante et m\u00e9morable dans le monde de l&rsquo;h\u00f4tellerie et de la restauration.[\/vc_hoverbox][vc_hoverbox image=\u00a0\u00bb1096&Prime; primary_title=\u00a0\u00bbCommerces\u00a0\u00bb primary_title_font_container=\u00a0\u00bbcolor:%23ffffff\u00a0\u00bb primary_title_use_theme_fonts=\u00a0\u00bbyes\u00a0\u00bb hover_title=\u00a0\u00bbCommerces\u00a0\u00bb hover_background_color=\u00a0\u00bbcustom\u00a0\u00bb hover_btn_title=\u00a0\u00bbDevis gratuit\u00a0\u00bb hover_btn_color=\u00a0\u00bbsuccess\u00a0\u00bb use_custom_fonts_primary_title=\u00a0\u00bbtrue\u00a0\u00bb hover_add_button=\u00a0\u00bbtrue\u00a0\u00bb hover_custom_background=\u00a0\u00bb#067176&Prime; primary_title_el_class=\u00a0\u00bbtitre_box_hover_white\u00a0\u00bb [&hellip;]\" \/>\n<meta property=\"og:url\" content=\"https:\/\/uniclean.be\/index.php\/nos-secteurs\/\" \/>\n<meta property=\"og:site_name\" content=\"Uniclean\" \/>\n<meta property=\"article:modified_time\" content=\"2023-12-06T11:09:34+00:00\" \/>\n<meta property=\"og:image\" content=\"https:\/\/uniclean.be\/wp-content\/uploads\/2023\/12\/shutterstock_2075456665.jpg\" \/>\n\t<meta property=\"og:image:width\" content=\"1000\" \/>\n\t<meta property=\"og:image:height\" content=\"563\" \/>\n\t<meta property=\"og:image:type\" content=\"image\/jpeg\" \/>\n<meta name=\"twitter:card\" content=\"summary_large_image\" \/>\n<meta name=\"twitter:label1\" content=\"Dur\u00e9e de lecture estim\u00e9e\" \/>\n\t<meta name=\"twitter:data1\" content=\"3 minutes\" \/>\n<script type=\"application\/ld+json\" class=\"yoast-schema-graph\">{\"@context\":\"https:\/\/schema.org\",\"@graph\":[{\"@type\":\"WebPage\",\"@id\":\"https:\/\/uniclean.be\/index.php\/nos-secteurs\/\",\"url\":\"https:\/\/uniclean.be\/index.php\/nos-secteurs\/\",\"name\":\"Nos secteurs - Uniclean\",\"isPartOf\":{\"@id\":\"https:\/\/uniclean.be\/#website\"},\"datePublished\":\"2019-05-01T20:14:50+00:00\",\"dateModified\":\"2023-12-06T11:09:34+00:00\",\"breadcrumb\":{\"@id\":\"https:\/\/uniclean.be\/index.php\/nos-secteurs\/#breadcrumb\"},\"inLanguage\":\"fr-FR\",\"potentialAction\":[{\"@type\":\"ReadAction\",\"target\":[\"https:\/\/uniclean.be\/index.php\/nos-secteurs\/\"]}]},{\"@type\":\"BreadcrumbList\",\"@id\":\"https:\/\/uniclean.be\/index.php\/nos-secteurs\/#breadcrumb\",\"itemListElement\":[{\"@type\":\"ListItem\",\"position\":1,\"name\":\"Accueil\",\"item\":\"https:\/\/uniclean.be\/\"},{\"@type\":\"ListItem\",\"position\":2,\"name\":\"Nos secteurs\"}]},{\"@type\":\"WebSite\",\"@id\":\"https:\/\/uniclean.be\/#website\",\"url\":\"https:\/\/uniclean.be\/\",\"name\":\"Uniclean\",\"description\":\"\",\"potentialAction\":[{\"@type\":\"SearchAction\",\"target\":{\"@type\":\"EntryPoint\",\"urlTemplate\":\"https:\/\/uniclean.be\/?s={search_term_string}\"},\"query-input\":\"required name=search_term_string\"}],\"inLanguage\":\"fr-FR\"}]}<\/script>\n<!-- \/ Yoast SEO plugin. -->","yoast_head_json":{"title":"Nos secteurs - Uniclean","robots":{"index":"index","follow":"follow","max-snippet":"max-snippet:-1","max-image-preview":"max-image-preview:large","max-video-preview":"max-video-preview:-1"},"canonical":"https:\/\/uniclean.be\/index.php\/nos-secteurs\/","og_locale":"fr_FR","og_type":"article","og_title":"Nos secteurs - Uniclean","og_description":"[vc_row content_style=\u00a0\u00bbcontent_dark\u00a0\u00bb][vc_column content_style=\u00a0\u00bbcontent_dark\u00a0\u00bb][vc_hoverbox image=\u00a0\u00bb1094&Prime; primary_title=\u00a0\u00bbH\u00f4tellerie &#038; restauration\u00a0\u00bb primary_title_font_container=\u00a0\u00bbcolor:%23ffffff\u00a0\u00bb primary_title_use_theme_fonts=\u00a0\u00bbyes\u00a0\u00bb hover_title=\u00a0\u00bbH\u00f4tellerie &#038; restauration\u00a0\u00bb hover_background_color=\u00a0\u00bbcustom\u00a0\u00bb hover_btn_title=\u00a0\u00bbDevis gratuit\u00a0\u00bb hover_btn_color=\u00a0\u00bbsuccess\u00a0\u00bb use_custom_fonts_primary_title=\u00a0\u00bbtrue\u00a0\u00bb hover_add_button=\u00a0\u00bbtrue\u00a0\u00bb hover_custom_background=\u00a0\u00bb#067176&Prime; primary_title_el_class=\u00a0\u00bbtitre_box_hover_white\u00a0\u00bb el_class=\u00a0\u00bbtitre_box_hover_white\u00a0\u00bb hover_btn_link=\u00a0\u00bburl:https%3A%2F%2Funiclean.be%2Findex.php%2Fcontact%2F|title:Contact|target:_blank\u00a0\u00bb]Un service de propret\u00e9 impeccable pour cr\u00e9er une exp\u00e9rience accueillante et m\u00e9morable dans le monde de l&rsquo;h\u00f4tellerie et de la restauration.[\/vc_hoverbox][vc_hoverbox image=\u00a0\u00bb1096&Prime; primary_title=\u00a0\u00bbCommerces\u00a0\u00bb primary_title_font_container=\u00a0\u00bbcolor:%23ffffff\u00a0\u00bb primary_title_use_theme_fonts=\u00a0\u00bbyes\u00a0\u00bb hover_title=\u00a0\u00bbCommerces\u00a0\u00bb hover_background_color=\u00a0\u00bbcustom\u00a0\u00bb hover_btn_title=\u00a0\u00bbDevis gratuit\u00a0\u00bb hover_btn_color=\u00a0\u00bbsuccess\u00a0\u00bb use_custom_fonts_primary_title=\u00a0\u00bbtrue\u00a0\u00bb hover_add_button=\u00a0\u00bbtrue\u00a0\u00bb hover_custom_background=\u00a0\u00bb#067176&Prime; primary_title_el_class=\u00a0\u00bbtitre_box_hover_white\u00a0\u00bb [&hellip;]","og_url":"https:\/\/uniclean.be\/index.php\/nos-secteurs\/","og_site_name":"Uniclean","article_modified_time":"2023-12-06T11:09:34+00:00","og_image":[{"width":1000,"height":563,"url":"https:\/\/uniclean.be\/wp-content\/uploads\/2023\/12\/shutterstock_2075456665.jpg","type":"image\/jpeg"}],"twitter_card":"summary_large_image","twitter_misc":{"Dur\u00e9e de lecture estim\u00e9e":"3 minutes"},"schema":{"@context":"https:\/\/schema.org","@graph":[{"@type":"WebPage","@id":"https:\/\/uniclean.be\/index.php\/nos-secteurs\/","url":"https:\/\/uniclean.be\/index.php\/nos-secteurs\/","name":"Nos secteurs - Uniclean","isPartOf":{"@id":"https:\/\/uniclean.be\/#website"},"datePublished":"2019-05-01T20:14:50+00:00","dateModified":"2023-12-06T11:09:34+00:00","breadcrumb":{"@id":"https:\/\/uniclean.be\/index.php\/nos-secteurs\/#breadcrumb"},"inLanguage":"fr-FR","potentialAction":[{"@type":"ReadAction","target":["https:\/\/uniclean.be\/index.php\/nos-secteurs\/"]}]},{"@type":"BreadcrumbList","@id":"https:\/\/uniclean.be\/index.php\/nos-secteurs\/#breadcrumb","itemListElement":[{"@type":"ListItem","position":1,"name":"Accueil","item":"https:\/\/uniclean.be\/"},{"@type":"ListItem","position":2,"name":"Nos secteurs"}]},{"@type":"WebSite","@id":"https:\/\/uniclean.be\/#website","url":"https:\/\/uniclean.be\/","name":"Uniclean","description":"","potentialAction":[{"@type":"SearchAction","target":{"@type":"EntryPoint","urlTemplate":"https:\/\/uniclean.be\/?s={search_term_string}"},"query-input":"required name=search_term_string"}],"inLanguage":"fr-FR"}]}},"_links":{"self":[{"href":"https:\/\/uniclean.be\/index.php\/wp-json\/wp\/v2\/pages\/500","targetHints":{"allow":["GET"]}}],"collection":[{"href":"https:\/\/uniclean.be\/index.php\/wp-json\/wp\/v2\/pages"}],"about":[{"href":"https:\/\/uniclean.be\/index.php\/wp-json\/wp\/v2\/types\/page"}],"author":[{"embeddable":true,"href":"https:\/\/uniclean.be\/index.php\/wp-json\/wp\/v2\/users\/1"}],"replies":[{"embeddable":true,"href":"https:\/\/uniclean.be\/index.php\/wp-json\/wp\/v2\/comments?post=500"}],"version-history":[{"count":12,"href":"https:\/\/uniclean.be\/index.php\/wp-json\/wp\/v2\/pages\/500\/revisions"}],"predecessor-version":[{"id":1101,"href":"https:\/\/uniclean.be\/index.php\/wp-json\/wp\/v2\/pages\/500\/revisions\/1101"}],"wp:featuredmedia":[{"embeddable":true,"href":"https:\/\/uniclean.be\/index.php\/wp-json\/wp\/v2\/media\/1064"}],"wp:attachment":[{"href":"https:\/\/uniclean.be\/index.php\/wp-json\/wp\/v2\/media?parent=500"}],"curies":[{"name":"wp","href":"https:\/\/api.w.org\/{rel}","templated":true}]}}